{"id":42,"date":"2022-04-16T10:05:12","date_gmt":"2022-04-16T08:05:12","guid":{"rendered":"https:\/\/janssen-tische.sytes.net\/?page_id=42"},"modified":"2022-04-16T10:05:12","modified_gmt":"2022-04-16T08:05:12","slug":"ueber-mich","status":"publish","type":"page","link":"https:\/\/janssen-tische.sytes.net\/index.php\/ueber-mich\/","title":{"rendered":"\u00dcber mich"},"content":{"rendered":"\n<p>Ein Job im Wald und B\u00fcro; die Freizeit in der Schreinerei. Dies umschreibt meine aktuelle T\u00e4tigkeit ziemlich gut. Als Ausgleich zu meinem teilweise etwas Computer-lastigen Arbeitsalltag verbringe ich gerne Zeit in einer Schreinerei und baue dabei verschiedenste Holzm\u00f6bel f\u00fcr Freunde, Bekannte und andere Kunden. Der Kreativit\u00e4t sind keine Grenzen gesetzt. Einige Impressionen finden Sie in der Gallerie.<\/p>\n\n\n\n<div class=\"wp-block-image is-style-rounded wp-duotone-000000-ffffff-1\"><figure class=\"aligncenter size-large is-resized\"><img loading=\"lazy\" decoding=\"async\" src=\"https:\/\/janssen-tische.sytes.net\/wp-content\/uploads\/2022\/04\/IMG_0184-1024x768.jpg\" alt=\"\" class=\"wp-image-43\" width=\"677\" height=\"508\" srcset=\"https:\/\/janssen-tische.sytes.net\/wp-content\/uploads\/2022\/04\/IMG_0184-1024x768.jpg 1024w, https:\/\/janssen-tische.sytes.net\/wp-content\/uploads\/2022\/04\/IMG_0184-300x225.jpg 300w, https:\/\/janssen-tische.sytes.net\/wp-content\/uploads\/2022\/04\/IMG_0184-768x576.jpg 768w, https:\/\/janssen-tische.sytes.net\/wp-content\/uploads\/2022\/04\/IMG_0184-1536x1152.jpg 1536w, https:\/\/janssen-tische.sytes.net\/wp-content\/uploads\/2022\/04\/IMG_0184-2048x1536.jpg 2048w\" sizes=\"auto, (max-width: 677px) 100vw, 677px\" \/><\/figure><\/div>\n","protected":false},"excerpt":{"rendered":"<p>Ein Job im Wald und B\u00fcro; die Freizeit in der Schreinerei. Dies umschreibt meine aktuelle T\u00e4tigkeit ziemlich gut. Als Ausgleich zu meinem teilweise etwas Computer-lastigen Arbeitsalltag verbringe ich gerne Zeit in einer Schreinerei und baue dabei verschiedenste Holzm\u00f6bel f\u00fcr Freunde, Bekannte und andere Kunden. Der Kreativit\u00e4t sind keine Grenzen gesetzt. Einige Impressionen finden Sie in &#8230; <a title=\"\u00dcber mich\" class=\"read-more\" href=\"https:\/\/janssen-tische.sytes.net\/index.php\/ueber-mich\/\" aria-label=\"More on \u00dcber mich\">Read more<\/a><\/p>\n","protected":false},"author":1,"featured_media":0,"parent":0,"menu_order":0,"comment_status":"closed","ping_status":"closed","template":"","meta":{"footnotes":""},"class_list":["post-42","page","type-page","status-publish"],"_links":{"self":[{"href":"https:\/\/janssen-tische.sytes.net\/index.php\/wp-json\/wp\/v2\/pages\/42","targetHints":{"allow":["GET"]}}],"collection":[{"href":"https:\/\/janssen-tische.sytes.net\/index.php\/wp-json\/wp\/v2\/pages"}],"about":[{"href":"https:\/\/janssen-tische.sytes.net\/index.php\/wp-json\/wp\/v2\/types\/page"}],"author":[{"embeddable":true,"href":"https:\/\/janssen-tische.sytes.net\/index.php\/wp-json\/wp\/v2\/users\/1"}],"replies":[{"embeddable":true,"href":"https:\/\/janssen-tische.sytes.net\/index.php\/wp-json\/wp\/v2\/comments?post=42"}],"version-history":[{"count":1,"href":"https:\/\/janssen-tische.sytes.net\/index.php\/wp-json\/wp\/v2\/pages\/42\/revisions"}],"predecessor-version":[{"id":44,"href":"https:\/\/janssen-tische.sytes.net\/index.php\/wp-json\/wp\/v2\/pages\/42\/revisions\/44"}],"wp:attachment":[{"href":"https:\/\/janssen-tische.sytes.net\/index.php\/wp-json\/wp\/v2\/media?parent=42"}],"curies":[{"name":"wp","href":"https:\/\/api.w.org\/{rel}","templated":true}]}}